{"id":15,"date":"2021-09-22T10:18:30","date_gmt":"2021-09-22T08:18:30","guid":{"rendered":"https:\/\/displaysolutions.ch\/?page_id=15"},"modified":"2025-09-15T16:12:13","modified_gmt":"2025-09-15T14:12:13","slug":"kontakt","status":"publish","type":"page","link":"https:\/\/displaysolutions.ch\/fr\/kontakt\/","title":{"rendered":"CONTACT"},"content":{"rendered":"<p>[et_pb_section fb_built=&#187;1&#8243; custom_padding_last_edited=&#187;on|phone&#187; _builder_version=&#187;4.10.2&#8243; _module_preset=&#187;default&#187; background_color=&#187;#f8f7f6&#8243; custom_padding=&#187;||||false|false&#187; custom_padding_tablet=&#187;&#187; custom_padding_phone=&#187;40px||0px||false|false&#187; hover_enabled=&#187;0&#8243; border_color_top=&#187;#000000&#8243; border_color_bottom=&#187;#000000&#8243; global_colors_info=&#187;{}&#187; custom_margin=&#187;||||false|false&#187; sticky_enabled=&#187;0&#8243;][et_pb_row column_structure=&#187;1_2,1_4,1_4&#8243; use_custom_gutter=&#187;on&#187; _builder_version=&#187;4.10.2&#8243; _module_preset=&#187;default&#187; width=&#187;95%&#187; width_tablet=&#187;&#187; width_phone=&#187;90%&#187; width_last_edited=&#187;on|phone&#187; max_width=&#187;1920px&#187; custom_padding=&#187;0px||||false|false&#187; global_colors_info=&#187;{}&#187;][et_pb_column type=&#187;1_2&#8243; _builder_version=&#187;4.10.2&#8243; _module_preset=&#187;default&#187; custom_padding=&#187;||||false|false&#187; global_colors_info=&#187;{}&#187;][et_pb_text content_phone=&#187;<\/p>\n<p>hier finden sie uns<\/p>\n<p>&#187; content_last_edited=&#187;off|desktop&#187; _builder_version=&#187;4.10.2&#8243; _module_preset=&#187;default&#187; text_font=&#187;SpeziaSemiMonoWeb-Regular|||on|||||&#187; text_text_color=&#187;#000000&#8243; text_font_size=&#187;35px&#187; text_letter_spacing=&#187;0.67px&#187; text_line_height=&#187;44px&#187; text_font_size_tablet=&#187;&#187; text_font_size_phone=&#187;40px&#187; text_font_size_last_edited=&#187;on|phone&#187; text_line_height_tablet=&#187;&#187; text_line_height_phone=&#187;44px&#187; text_line_height_last_edited=&#187;on|phone&#187; global_colors_info=&#187;{}&#187;]<\/p>\n<p>hier finden<br \/>sie uns<\/p>\n<p>[\/et_pb_text][\/et_pb_column][et_pb_column type=&#187;1_4&#8243; _builder_version=&#187;4.10.2&#8243; _module_preset=&#187;default&#187; custom_padding=&#187;||||false|false&#187; global_colors_info=&#187;{}&#187;][et_pb_text _builder_version=&#187;4.10.2&#8243; _module_preset=&#187;default&#187; text_font=&#187;Spezia Regular|100|||||||&#187; text_text_color=&#187;#000000&#8243; text_line_height=&#187;20px&#187; custom_padding=&#187;0px||||false|false&#187; text_font_size_tablet=&#187;&#187; text_font_size_phone=&#187;13px&#187; text_font_size_last_edited=&#187;on|phone&#187; text_line_height_tablet=&#187;&#187; text_line_height_phone=&#187;18px&#187; text_line_height_last_edited=&#187;on|phone&#187; global_colors_info=&#187;{}&#187;]<\/p>\n<p>HAUPTSITZ<\/p>\n<p><strong>SCHWEIZ<\/strong><br \/>DISPLAYSOLUTIONS AG<br \/>DURISOLSTRASSE 10<br \/>5612 VILLMERGEN<\/p>\n<p><span style=\"text-decoration: underline; color: #000000;\"><a href=\"tel:+41%2056 619 70 07\" style=\"color: #000000; text-decoration: underline;\">+41 56 619 70 07<\/a><\/span><br \/><span style=\"text-decoration: underline; color: #000000;\"><a href=\"mailto:INFO@DISPLAYSOLUTIONS.CH\" style=\"color: #000000; text-decoration: underline;\">INFO@DISPLAYSOLUTIONS.CH<\/a><\/span><\/p>\n<p>[\/et_pb_text][\/et_pb_column][et_pb_column type=&#187;1_4&#8243; _builder_version=&#187;4.10.2&#8243; _module_preset=&#187;default&#187; custom_padding=&#187;||||false|false&#187; global_colors_info=&#187;{}&#187;][et_pb_text _builder_version=&#187;4.10.2&#8243; _module_preset=&#187;default&#187; text_font=&#187;Spezia Regular|100|||||||&#187; text_text_color=&#187;#000000&#8243; text_line_height=&#187;20px&#187; link_text_color=&#187;#000000&#8243; custom_padding=&#187;0px||||false|false&#187; text_font_size_tablet=&#187;&#187; text_font_size_phone=&#187;13px&#187; text_font_size_last_edited=&#187;on|phone&#187; text_line_height_tablet=&#187;&#187; text_line_height_phone=&#187;18px&#187; text_line_height_last_edited=&#187;on|phone&#187; global_colors_info=&#187;{}&#187;]OFFICES<\/p>\n<p><strong>HONG KONG<\/strong><br \/>\nDISPLAYSOLUTIONS LTD.<br \/>\nUNIT 06, 17\/F., TRENDY CENTRE<br \/>\n682 CASTLE PEAK ROAD<br \/>\nLAI CHI KOK, KOWLOON<\/p>\n<p><strong>CHINA<\/strong><br \/>\nREPRESENTATION OFFICE OF<br \/>\nDISPLAYSOLUTIONS LTD.<br \/>\nLONGGANG ROAD, PINGNAN COMMUNITY<br \/>\nLONGGANG DISTRICT, SHENZEN[\/et_pb_text][et_pb_text _builder_version=&#187;4.10.2&#8243; _module_preset=&#187;default&#187; text_font=&#187;Spezia Regular|100|||||||&#187; text_text_color=&#187;#000000&#8243; text_line_height=&#187;20px&#187; link_text_color=&#187;#000000&#8243; custom_padding=&#187;0px||||false|false&#187; text_font_size_tablet=&#187;&#187; text_font_size_phone=&#187;13px&#187; text_font_size_last_edited=&#187;on|phone&#187; text_line_height_tablet=&#187;&#187; text_line_height_phone=&#187;18px&#187; text_line_height_last_edited=&#187;on|phone&#187; global_colors_info=&#187;{}&#187;]PRODUKTIONSST\u00c4TTEN<\/p>\n<p><strong>SCHWEIZ<\/strong><br \/>\nVILLMERGEN, AARGAU<\/p>\n<p><strong>CHINA<\/strong><br \/>\nDONGGUAN, GUANGDONG<\/p>\n<p><strong>DEUTSCHLAND<\/strong><br \/>\nN\u00dcRNBERG, BAYERN<\/p>\n<p><strong>TSCHECHISCHE REPUBLIK<\/strong><br \/>\nBR\u00dcNN, M\u00c4HREN[\/et_pb_text][\/et_pb_column][\/et_pb_row][\/et_pb_section][et_pb_section fb_built=&#187;1&#8243; custom_padding_last_edited=&#187;on|phone&#187; module_id=&#187;kontaktformular&#187; _builder_version=&#187;4.10.2&#8243; _module_preset=&#187;default&#187; background_color=&#187;#f8f7f6&#8243; custom_padding=&#187;||120px|||&#187; custom_padding_tablet=&#187;&#187; custom_padding_phone=&#187;10px||140px||false|false&#187; border_width_top=&#187;1px&#187; border_color_top=&#187;#000000&#8243; global_colors_info=&#187;{}&#187;][et_pb_row _builder_version=&#187;4.10.2&#8243; _module_preset=&#187;default&#187; width=&#187;40%&#187; width_tablet=&#187;&#187; width_phone=&#187;80%&#187; width_last_edited=&#187;on|phone&#187; custom_padding=&#187;||0px||false|false&#187; global_colors_info=&#187;{}&#187;][et_pb_column type=&#187;4_4&#8243; _builder_version=&#187;4.10.2&#8243; _module_preset=&#187;default&#187; global_colors_info=&#187;{}&#187;][et_pb_text _builder_version=&#187;4.10.2&#8243; _module_preset=&#187;default&#187; text_font=&#187;Spezia Regular|100|||||||&#187; text_text_color=&#187;#000000&#8243; text_line_height=&#187;20px&#187; text_orientation=&#187;center&#187; custom_margin_tablet=&#187;&#187; custom_margin_phone=&#187;||10px||false|false&#187; custom_margin_last_edited=&#187;on|phone&#187; custom_padding=&#187;0px||||false|false&#187; custom_padding_tablet=&#187;&#187; custom_padding_phone=&#187;10px||||false|false&#187; custom_padding_last_edited=&#187;on|phone&#187; global_colors_info=&#187;{}&#187;]<\/p>\n<p>KONTAKTFORMULAR<\/p>\n<p>[\/et_pb_text][et_pb_text content_phone=&#187;<\/p>\n<p>WIE K\u00d6NNEN WIR<br \/>BEHILFLICH<br \/>SEIN?<\/p>\n<p>&#187; content_last_edited=&#187;off|desktop&#187; _builder_version=&#187;4.10.2&#8243; _module_preset=&#187;default&#187; text_font=&#187;SpeziaSemiMonoWeb-Regular|||on|||||&#187; text_text_color=&#187;#000000&#8243; text_font_size=&#187;60px&#187; text_line_height=&#187;60px&#187; text_orientation=&#187;center&#187; custom_padding=&#187;10px||||false|false&#187; text_font_size_tablet=&#187;&#187; text_font_size_phone=&#187;32px&#187; text_font_size_last_edited=&#187;on|phone&#187; text_line_height_tablet=&#187;&#187; text_line_height_phone=&#187;36px&#187; text_line_height_last_edited=&#187;on|phone&#187; global_colors_info=&#187;{}&#187;]<\/p>\n<p>WIE K\u00d6NNEN WIR<br \/>BEHILFLICH SEIN?<\/p>\n<p>[\/et_pb_text][et_pb_text module_class=&#187;kontakt_wrapper_doe&#187; _builder_version=&#187;4.10.2&#8243; _module_preset=&#187;default&#187; text_font=&#187;Spezia Regular|700|||||||&#187; text_font_size=&#187;12px&#187; text_line_height=&#187;18px&#187; custom_margin_tablet=&#187;&#187; custom_margin_phone=&#187;-40px||||false|false&#187; custom_margin_last_edited=&#187;on|phone&#187; custom_padding_tablet=&#187;&#187; custom_padding_phone=&#187;0px||||false|false&#187; custom_padding_last_edited=&#187;on|phone&#187; global_colors_info=&#187;{}&#187;]<\/p>\n<p><strong><div class=\"forminator-ui forminator-custom-form forminator-custom-form-139 forminator-design--material  forminator_ajax\" data-forminator-render=\"0\" data-form=\"forminator-module-139\" data-uid=\"69e12f7eddcba\"><br\/><\/div><form\n\t\t\t\tid=\"forminator-module-139\"\n\t\t\t\tclass=\"forminator-ui forminator-custom-form forminator-custom-form-139 forminator-design--material  forminator_ajax\"\n\t\t\t\tmethod=\"post\"\n\t\t\t\tdata-forminator-render=\"0\"\n\t\t\t\tdata-form-id=\"139\"\n\t\t\t\t data-color-option=\"default\" data-design=\"material\" data-grid=\"open\" style=\"display: none;\"\n\t\t\t\tdata-uid=\"69e12f7eddcba\"\n\t\t\t><div role=\"alert\" aria-live=\"polite\" class=\"forminator-response-message forminator-error\" aria-hidden=\"true\"><\/div><div class=\"forminator-row\"><div id=\"name-1\" class=\"forminator-field-name forminator-col forminator-col-12 \"><div class=\"forminator-field\"><label for=\"forminator-field-name-1_69e12f7eddcba\" id=\"forminator-field-name-1_69e12f7eddcba-label\" class=\"forminator-label\">VORNAME <span class=\"forminator-required\">*<\/span><\/label><input type=\"text\" name=\"name-1\" value=\"\" placeholder=\"\" id=\"forminator-field-name-1_69e12f7eddcba\" class=\"forminator-input forminator-name--field\" aria-required=\"true\" autocomplete=\"name\" \/><\/div><\/div><\/div><div class=\"forminator-row\"><div id=\"name-2\" class=\"forminator-field-name forminator-col forminator-col-12 \"><div class=\"forminator-field\"><label for=\"forminator-field-name-2_69e12f7eddcba\" id=\"forminator-field-name-2_69e12f7eddcba-label\" class=\"forminator-label\">NACHNAME <span class=\"forminator-required\">*<\/span><\/label><input type=\"text\" name=\"name-2\" value=\"\" placeholder=\"\" id=\"forminator-field-name-2_69e12f7eddcba\" class=\"forminator-input forminator-name--field\" aria-required=\"true\" autocomplete=\"name\" \/><\/div><\/div><\/div><div class=\"forminator-row\"><div id=\"email-1\" class=\"forminator-field-email forminator-col forminator-col-12 \"><div class=\"forminator-field\"><label for=\"forminator-field-email-1_69e12f7eddcba\" id=\"forminator-field-email-1_69e12f7eddcba-label\" class=\"forminator-label\">E-MAIL <span class=\"forminator-required\">*<\/span><\/label><input type=\"email\" name=\"email-1\" value=\"\" placeholder=\"\" id=\"forminator-field-email-1_69e12f7eddcba\" class=\"forminator-input forminator-email--field\" data-required=\"true\" aria-required=\"true\" autocomplete=\"email\" \/><\/div><\/div><\/div><div class=\"forminator-row\"><div id=\"phone-1\" class=\"forminator-field-phone forminator-col forminator-col-12 \"><div class=\"forminator-field\"><label for=\"forminator-field-phone-1_69e12f7eddcba\" id=\"forminator-field-phone-1_69e12f7eddcba-label\" class=\"forminator-label\">TELEFON<\/label><input type=\"text\" name=\"phone-1\" value=\"\" placeholder=\"\" id=\"forminator-field-phone-1_69e12f7eddcba\" class=\"forminator-input forminator-field--phone\" data-required=\"\" aria-required=\"false\" autocomplete=\"off\" \/><\/div><\/div><\/div><div class=\"forminator-row\"><div id=\"textarea-1\" class=\"forminator-field-textarea forminator-col forminator-col-12 \"><div class=\"forminator-field\"><label for=\"forminator-field-textarea-1_69e12f7eddcba\" id=\"forminator-field-textarea-1_69e12f7eddcba-label\" class=\"forminator-label\">NACHRICHT<\/label><textarea name=\"textarea-1\" placeholder=\"\" id=\"forminator-field-textarea-1_69e12f7eddcba\" class=\"forminator-textarea\" rows=\"6\" style=\"min-height:140px;\" maxlength=\"180\" ><\/textarea><span id=\"forminator-field-textarea-1_69e12f7eddcba-description\" class=\"forminator-description\"><span data-limit=\"180\" data-type=\"characters\" data-editor=\"\">0 \/ 180<\/span><\/span><\/div><\/div><\/div><div class=\"forminator-row\"><div id=\"checkbox-1\" class=\"forminator-field-checkbox forminator-col forminator-col-12 \"><div role=\"group\" class=\"forminator-field\" aria-labelledby=\"forminator-checkbox-group-forminator-field-checkbox-1-69e12f7eddcba-label\"><label id=\"forminator-field-checkbox-1-1-69e12f7eddcba-label\" for=\"forminator-field-checkbox-1-1-69e12f7eddcba\" class=\"forminator-checkbox\" title=\"NEWSLETTER ABONNIEREN\"><input type=\"checkbox\" name=\"checkbox-1[]\" value=\"newsletter-abonnieren\" id=\"forminator-field-checkbox-1-1-69e12f7eddcba\" aria-labelledby=\"forminator-field-checkbox-1-1-69e12f7eddcba-label\" data-calculation=\"0\"  \/><span class=\"forminator-checkbox-box\" aria-hidden=\"true\"><\/span><span class=\"forminator-checkbox-label\">NEWSLETTER ABONNIEREN<\/span><\/label><\/div><\/div><\/div><div class=\"forminator-row\"><div id=\"checkbox-3\" class=\"forminator-field-checkbox forminator-col forminator-col-12 \"><div role=\"group\" class=\"forminator-field required\" aria-labelledby=\"forminator-checkbox-group-forminator-field-checkbox-3-69e12f7eddcba-label\"><label id=\"forminator-field-checkbox-3-1-69e12f7eddcba-label\" for=\"forminator-field-checkbox-3-1-69e12f7eddcba\" class=\"forminator-checkbox\" title=\"JA, ICH STIMME DER DATENSCHUTZERKL\u00c4RUNG ZU.\"><input type=\"checkbox\" name=\"checkbox-3[]\" value=\"ja-ich-stimme-der-datenschutzerkl\u00e4rung-zu\" id=\"forminator-field-checkbox-3-1-69e12f7eddcba\" aria-labelledby=\"forminator-field-checkbox-3-1-69e12f7eddcba-label\" data-calculation=\"0\"  \/><span class=\"forminator-checkbox-box\" aria-hidden=\"true\"><\/span><span class=\"forminator-checkbox-label\">JA, ICH STIMME DER DATENSCHUTZERKL\u00c4RUNG ZU.<\/span><\/label><\/div><\/div><\/div><div class=\"forminator-row\"><div id=\"html-1\" class=\"forminator-field-html forminator-col forminator-col-12 \"><div class=\"forminator-field forminator-merge-tags\" data-field=\"html-1\"><div class=\"rsc-wrap\"><img decoding=\"async\" class=\"rsc-image\" src=\"https:\/\/displaysolutions.ch\/wp-content\/uploads\/rsc-temp\/257917.png\" alt=\"CAPTCHA\" \/><div class=\"rsc-input\"><\/div><\/div><\/div><\/div><\/div><input type=\"hidden\" name=\"referer_url\" value=\"\" \/><div class=\"forminator-row forminator-row-last\"><div class=\"forminator-col\"><div class=\"forminator-field\"><button class=\"forminator-button forminator-button-submit\"><span>ABSENDEN<\/span><span aria-hidden=\"true\"><\/span><\/button><\/div><\/div><\/div><input type=\"hidden\" id=\"forminator_nonce\" name=\"forminator_nonce\" value=\"1fe84db170\" \/><input type=\"hidden\" name=\"_wp_http_referer\" value=\"\/fr\/wp-json\/wp\/v2\/pages\/15\" \/><input type=\"hidden\" name=\"form_id\" value=\"139\"><input type=\"hidden\" name=\"page_id\" value=\"15\"><input type=\"hidden\" name=\"form_type\" value=\"default\"><input type=\"hidden\" name=\"current_url\" value=\"https:\/\/displaysolutions.ch\/fr\/kontakt\/\"><input type=\"hidden\" name=\"render_id\" value=\"0\"><input type=\"hidden\" name=\"action\" value=\"forminator_submit_form_custom-forms\"><\/form><\/strong><\/p>\n<p>[\/et_pb_text][\/et_pb_column][\/et_pb_row][\/et_pb_section]<\/p>\n","protected":false},"excerpt":{"rendered":"<p>hier findensie unsHAUPTSITZ SCHWEIZDISPLAYSOLUTIONS AGDURISOLSTRASSE 105612 VILLMERGEN +41 56 619 70 07INFO@DISPLAYSOLUTIONS.CHOFFICES HONG KONG DISPLAYSOLUTIONS LTD. UNIT 06, 17\/F., TRENDY CENTRE 682 CASTLE PEAK ROAD LAI CHI KOK, KOWLOON CHINA REPRESENTATION OFFICE OF DISPLAYSOLUTIONS LTD. LONGGANG ROAD, PINGNAN COMMUNITY LONGGANG DISTRICT, SHENZENPRODUKTIONSST\u00c4TTEN SCHWEIZ VILLMERGEN, AARGAU CHINA DONGGUAN, GUANGDONG DEUTSCHLAND N\u00dcRNBERG, BAYERN TSCHECHISCHE REPUBLIK BR\u00dcNN, M\u00c4HRENKONTAKTFORMULARWIE [&hellip;]<\/p>\n","protected":false},"author":6,"featured_media":0,"parent":0,"menu_order":0,"comment_status":"closed","ping_status":"closed","template":"","meta":{"_et_pb_use_builder":"on","_et_pb_old_content":"<!-- wp:divi\/placeholder \/-->","_et_gb_content_width":"","footnotes":""},"class_list":["post-15","page","type-page","status-publish","hentry"],"_links":{"self":[{"href":"https:\/\/displaysolutions.ch\/fr\/wp-json\/wp\/v2\/pages\/15","targetHints":{"allow":["GET"]}}],"collection":[{"href":"https:\/\/displaysolutions.ch\/fr\/wp-json\/wp\/v2\/pages"}],"about":[{"href":"https:\/\/displaysolutions.ch\/fr\/wp-json\/wp\/v2\/types\/page"}],"author":[{"embeddable":true,"href":"https:\/\/displaysolutions.ch\/fr\/wp-json\/wp\/v2\/users\/6"}],"replies":[{"embeddable":true,"href":"https:\/\/displaysolutions.ch\/fr\/wp-json\/wp\/v2\/comments?post=15"}],"version-history":[{"count":44,"href":"https:\/\/displaysolutions.ch\/fr\/wp-json\/wp\/v2\/pages\/15\/revisions"}],"predecessor-version":[{"id":2628,"href":"https:\/\/displaysolutions.ch\/fr\/wp-json\/wp\/v2\/pages\/15\/revisions\/2628"}],"wp:attachment":[{"href":"https:\/\/displaysolutions.ch\/fr\/wp-json\/wp\/v2\/media?parent=15"}],"curies":[{"name":"wp","href":"https:\/\/api.w.org\/{rel}","templated":true}]}}