{"id":1324,"date":"2021-10-08T13:50:39","date_gmt":"2021-10-08T11:50:39","guid":{"rendered":"https:\/\/displaysolutions.ch\/?page_id=1324"},"modified":"2023-09-25T16:28:09","modified_gmt":"2023-09-25T14:28:09","slug":"impressum","status":"publish","type":"page","link":"https:\/\/displaysolutions.ch\/en\/impressum\/","title":{"rendered":"Legal Notice"},"content":{"rendered":"<p>[et_pb_section fb_built=&#187;1&#8243; module_id=&#187;team&#187; _builder_version=&#187;4.10.2&#8243; _module_preset=&#187;default&#187; background_color=&#187;#f8f7f6&#8243; custom_padding=&#187;60px||60px||false|false&#187; border_color_top=&#187;#000000&#8243; border_width_bottom=&#187;1px&#187; border_color_bottom=&#187;#000000&#8243; global_colors_info=&#187;{}&#187;][et_pb_row column_structure=&#187;1_2,1_2&#8243; use_custom_gutter=&#187;on&#187; disabled_on=&#187;on|on|off&#187; _builder_version=&#187;4.10.2&#8243; _module_preset=&#187;default&#187; width=&#187;95%&#187; width_tablet=&#187;&#187; width_phone=&#187;80%&#187; width_last_edited=&#187;on|phone&#187; max_width=&#187;1920px&#187; custom_padding=&#187;0px||40px||false|false&#187; global_colors_info=&#187;{}&#187;][et_pb_column type=&#187;1_2&#8243; _builder_version=&#187;4.10.2&#8243; _module_preset=&#187;default&#187; custom_padding=&#187;||||false|false&#187; global_colors_info=&#187;{}&#187;][et_pb_text content_tablet=&#187;&#187; content_phone=&#187;<\/p>\n<p><strong>WER WIR<\/strong><br \/><strong>SIND<\/strong><\/p>\n<p>&#187; content_last_edited=&#187;on|phone&#187; _builder_version=&#187;4.10.2&#8243; _module_preset=&#187;default&#187; text_font=&#187;SpeziaSemiMonoWeb-Regular|||on|||||&#187; text_text_color=&#187;#000000&#8243; text_font_size=&#187;35px&#187; text_letter_spacing=&#187;0.67px&#187; text_line_height=&#187;44px&#187; text_font_size_tablet=&#187;&#187; text_font_size_phone=&#187;40px&#187; text_font_size_last_edited=&#187;on|phone&#187; text_line_height_tablet=&#187;&#187; text_line_height_phone=&#187;44px&#187; text_line_height_last_edited=&#187;on|phone&#187; global_colors_info=&#187;{}&#187;]<\/p>\n<p>IMPRESSUM<\/p>\n<p>[\/et_pb_text][\/et_pb_column][et_pb_column type=&#187;1_2&#8243; _builder_version=&#187;4.10.2&#8243; _module_preset=&#187;default&#187; custom_padding=&#187;||||false|false&#187; global_colors_info=&#187;{}&#187;][\/et_pb_column][\/et_pb_row][et_pb_row column_structure=&#187;1_2,1_2&#8243; use_custom_gutter=&#187;on&#187; disabled_on=&#187;on|on|off&#187; _builder_version=&#187;4.10.2&#8243; _module_preset=&#187;default&#187; width=&#187;95%&#187; width_tablet=&#187;&#187; width_phone=&#187;80%&#187; width_last_edited=&#187;on|phone&#187; max_width=&#187;1920px&#187; custom_padding=&#187;0px||40px||false|false&#187; global_colors_info=&#187;{}&#187;][et_pb_column type=&#187;1_2&#8243; _builder_version=&#187;4.10.2&#8243; _module_preset=&#187;default&#187; custom_padding=&#187;||||false|false&#187; global_colors_info=&#187;{}&#187;][et_pb_text _builder_version=&#187;4.10.2&#8243; _module_preset=&#187;default&#187; text_font=&#187;Spezia Regular|100|||||||&#187; text_text_color=&#187;#000000&#8243; text_line_height=&#187;20px&#187; custom_padding=&#187;0px||||false|false&#187; text_font_size_tablet=&#187;&#187; text_font_size_phone=&#187;16px&#187; text_font_size_last_edited=&#187;on|phone&#187; text_line_height_tablet=&#187;&#187; text_line_height_phone=&#187;26px&#187; text_line_height_last_edited=&#187;on|phone&#187; global_colors_info=&#187;{}&#187;]<\/p>\n<div data-canvas-width=\"148.288\"><strong>KONTAKTADRESSE<\/strong><\/div>\n<div data-canvas-width=\"123.03999999999999\">Displaysolutions AG<\/div>\n<div data-canvas-width=\"110.608\">Durisolstrasse 10<\/div>\n<div data-canvas-width=\"108.65599999999998\">5612 Villmergen<\/div>\n<p>[\/et_pb_text][et_pb_text _builder_version=&#187;4.10.2&#8243; _module_preset=&#187;default&#187; text_font=&#187;Spezia Regular|100|||||||&#187; text_text_color=&#187;#000000&#8243; text_line_height=&#187;20px&#187; custom_padding=&#187;0px||0px||false|false&#187; text_font_size_tablet=&#187;&#187; text_font_size_phone=&#187;16px&#187; text_font_size_last_edited=&#187;on|phone&#187; text_line_height_tablet=&#187;&#187; text_line_height_phone=&#187;26px&#187; text_line_height_last_edited=&#187;on|phone&#187; global_colors_info=&#187;{}&#187;]<\/p>\n<div data-canvas-width=\"148.288\">\n<div data-canvas-width=\"187.36\">\n<p><strong>HAFTUNGSAUSSCHLUSS<\/strong><\/p>\n<p>Der Autor \u00fcbernimmt keinerlei Gew\u00e4hr hinsichtlich der inhaltlichen Richtigkeit, Genauigkeit, Aktualit\u00e4t, Zuverl\u00e4ssigkeit und Vollst\u00e4ndigkeit der Informationen. Haftungsanspr\u00fcche gegen den Autor wegen Sch\u00e4den materieller oder immaterieller Art, welche aus dem Zugriff oder der Nutzung bzw. Nichtnutzung der ver\u00f6ffentlichten Informationen, durch Missbrauch der Verbindung oder durch technische St\u00f6rungen entstanden sind, werden ausgeschlossen.<br \/>Alle Angebote sind unverbindlich. Der Autor beh\u00e4lt es sich ausdr\u00fccklich vor, Teile der Seiten oder das gesamte Angebot ohne gesonderte Ank\u00fcndigung zu ver\u00e4ndern, zu erg\u00e4nzen, zu l\u00f6schen oder die Ver\u00f6ffentlichung zeitweise oder endg\u00fcltig einzustellen.<\/p>\n<p><strong>URHEBERRECHTE<\/strong><\/p>\n<p>Die Urheber- und alle anderen Rechte an Inhalten, Bildern, Fotos oder anderen Dateien auf der Website geh\u00f6ren ausschliesslich der Firma Displaysolutions AG oder den speziell genannten Rechtsinhabern. F\u00fcr die Reproduktion jeglicher Elemente ist die schriftliche Zustimmung der Urheberrechtstr\u00e4ger im Voraus einzuholen.<\/p>\n<\/div>\n<\/div>\n<p>[\/et_pb_text][\/et_pb_column][et_pb_column type=&#187;1_2&#8243; _builder_version=&#187;4.10.2&#8243; _module_preset=&#187;default&#187; global_colors_info=&#187;{}&#187;][et_pb_text _builder_version=&#187;4.10.2&#8243; _module_preset=&#187;default&#187; text_font=&#187;Spezia Regular|100|||||||&#187; text_text_color=&#187;#000000&#8243; text_line_height=&#187;20px&#187; custom_padding=&#187;0px||||false|false&#187; text_font_size_tablet=&#187;&#187; text_font_size_phone=&#187;16px&#187; text_font_size_last_edited=&#187;on|phone&#187; text_line_height_tablet=&#187;&#187; text_line_height_phone=&#187;26px&#187; text_line_height_last_edited=&#187;on|phone&#187; global_colors_info=&#187;{}&#187;]<\/p>\n<div data-canvas-width=\"220.95999999999998\"><strong>HANDELSREGISTEREINTRAG<\/strong><\/div>\n<div data-canvas-width=\"306.0800000000001\">Eingetragener Firmenname: Displaysolutions AG<\/div>\n<div data-canvas-width=\"182.62400000000002\">Nummer: CHE-215.065.133<\/div>\n<div data-canvas-width=\"171.79199999999997\">Handelsregisteramt: Aarau<\/div>\n<div data-canvas-width=\"162.35199999999998\">Mehrwehrtsteuernummer<\/div>\n<div data-canvas-width=\"117.296\">CHE-215.065.133<\/div>\n<p>[\/et_pb_text][et_pb_text _builder_version=&#187;4.10.2&#8243; _module_preset=&#187;default&#187; text_font=&#187;Spezia Regular|100|||||||&#187; text_text_color=&#187;#000000&#8243; text_line_height=&#187;20px&#187; custom_padding=&#187;0px||||false|false&#187; text_font_size_tablet=&#187;&#187; text_font_size_phone=&#187;16px&#187; text_font_size_last_edited=&#187;on|phone&#187; text_line_height_tablet=&#187;&#187; text_line_height_phone=&#187;26px&#187; text_line_height_last_edited=&#187;on|phone&#187; global_colors_info=&#187;{}&#187;]<\/p>\n<div data-canvas-width=\"148.288\">\n<div data-canvas-width=\"187.36\">\n<div data-canvas-width=\"587.1999999999998\">\n<p><strong>HAFTUNG F\u00dcR LINKS<\/strong><\/p>\n<p>Verweise und Links auf Webseiten Dritter liegen ausserhalb unseres Verantwortungsbereichs Es wird jegliche Verantwortung f\u00fcr solche Webseiten abgelehnt.<br \/>\nDer Zugriff und die Nutzung solcher Webseiten erfolgen auf eigene Gefahr des Nutzers oder der Nutzerin.<\/p>\n<p><strong>GESTALTUNG UND\u00a0KONZEPTION<\/strong><\/p>\n<p>Die grafische Konzeption wurde von Die Werbekanzlei AG im Auftrag von Displaysolution AG durchgef\u00fchrt.<\/p>\n<p>&nbsp;<\/p>\n<p>URL\u00a0www.dwk.ch<\/p>\n<\/div>\n<\/div>\n<\/div>\n<p>[\/et_pb_text][et_pb_code _builder_version=&#187;4.10.2&#8243; _module_preset=&#187;default&#187; global_colors_info=&#187;{}&#187;]<div class=\"htmlheld-impressum\">\n<p><img loading=\"lazy\" decoding=\"async\" src=\"https:\/\/htmlheld.de\/HTMLHELD_Logo.png\" alt=\"HTMLHELD Wordpress maintenance\" width=\"220\" height=\"22\"><\/p>\n<h2><a rel=\"noreferrer noopener\" href=\"https:\/\/htmlheld.de\/\" target=\"_blank\">HTMLHELD \u2013 WordPress maintenance and support<\/a><\/h2>\n<p>This website is maintained by HTMLHELD. Secure plugin and theme updates, cloud backups, content customization, and emergency service.<\/p>\n<\/div>[\/et_pb_code][\/et_pb_column][\/et_pb_row][et_pb_row use_custom_gutter=&#187;on&#187; disabled_on=&#187;off|off|on&#187; _builder_version=&#187;4.10.2&#8243; _module_preset=&#187;default&#187; width=&#187;95%&#187; width_tablet=&#187;&#187; width_phone=&#187;90%&#187; width_last_edited=&#187;on|phone&#187; max_width=&#187;1920px&#187; custom_padding=&#187;0px||40px||false|false&#187; global_colors_info=&#187;{}&#187;][et_pb_column type=&#187;4_4&#8243; _builder_version=&#187;4.10.2&#8243; _module_preset=&#187;default&#187; custom_padding=&#187;||||false|false&#187; global_colors_info=&#187;{}&#187;][et_pb_text content_tablet=&#187;&#187; content_phone=&#187;<\/p>\n<p>IMPRESSUM<\/p>\n<p>&#187; content_last_edited=&#187;on|phone&#187; _builder_version=&#187;4.10.2&#8243; _module_preset=&#187;default&#187; text_font=&#187;SpeziaSemiMonoWeb-Regular|||on|||||&#187; text_text_color=&#187;#000000&#8243; text_font_size=&#187;35px&#187; text_letter_spacing=&#187;0.67px&#187; text_line_height=&#187;44px&#187; text_font_size_tablet=&#187;&#187; text_font_size_phone=&#187;40px&#187; text_font_size_last_edited=&#187;on|phone&#187; text_line_height_tablet=&#187;&#187; text_line_height_phone=&#187;44px&#187; text_line_height_last_edited=&#187;on|phone&#187; global_colors_info=&#187;{}&#187;]<\/p>\n<p>IMPRESSUM<\/p>\n<p>[\/et_pb_text][et_pb_text _builder_version=&#187;4.10.2&#8243; _module_preset=&#187;default&#187; text_font=&#187;Spezia Regular|100|||||||&#187; text_text_color=&#187;#000000&#8243; text_font_size=&#187;13px&#187; text_line_height=&#187;18px&#187; custom_padding=&#187;0px||||false|false&#187; text_font_size_tablet=&#187;&#187; text_font_size_phone=&#187;13px&#187; text_font_size_last_edited=&#187;on|phone&#187; text_line_height_tablet=&#187;&#187; text_line_height_phone=&#187;18px&#187; text_line_height_last_edited=&#187;on|phone&#187; global_colors_info=&#187;{}&#187;]<\/p>\n<p><strong>KONTAKTADRESSE<br \/><\/strong>Displaysolutions<br \/>Durisolstrasse 10<br \/>5612 Villmergen<\/p>\n<p><strong>HANDELSREGISTEREINTRAG<\/strong><br \/>Eingetragener Firmenname: Displaysolutions<br \/>Nummer: CHE-215.065.133<br \/>Handelsregisteramt: Aarau<\/p>\n<p>Mehrwehrtsteuernummer<br \/>CHE-215.065.133<\/p>\n<p>&nbsp;<\/p>\n<p><strong>HAFTUNGSAUSSCHLUSS<br \/><\/strong>Der Autor \u00fcbernimmt keinerlei Gew\u00e4hr hinsichtlich der inhaltlichen Richtigkeit, Genauigkeit, Aktualit\u00e4t, Zuverl\u00e4ssigkeit und Vollst\u00e4ndigkeit der Informationen. Haftungsanspr\u00fcche gegen den Autor wegen Sch\u00e4den materieller oder immaterieller Art, welche aus dem Zugriff oder der Nutzung bzw. Nichtnutzung der ver\u00f6ffentlichten Informationen, durch Missbrauch der Verbindung oder durch technische St\u00f6rungen entstanden sind, werden ausgeschlossen.<br \/>Alle Angebote sind unverbindlich. Der Autor beh\u00e4lt es sich ausdr\u00fccklich vor, Teile der Seiten oder das gesamte Angebot ohne gesonderte Ank\u00fcndigung zu ver\u00e4ndern, zu erg\u00e4nzen, zu l\u00f6schen oder die Ver\u00f6ffentlichung zeitweise oder endg\u00fcltig einzustellen.<\/p>\n<p><strong>URHEBERRECHTE<\/strong><br \/>Die Urheber- und alle anderen Rechte an Inhalten, Bildern, Fotos oder anderen Dateien auf der Website geh\u00f6ren ausschliesslich der Firma Displaysolutions oder den speziell genannten Rechtsinhabern. F\u00fcr die Reproduktion jeglicher Elemente ist die schriftliche Zustimmung der Urheberrechtstr\u00e4ger im Voraus einzuholen.<\/p>\n<p><strong>HAFTUNG F\u00dcR LINKS<\/strong><br \/>Verweise und Links auf Webseiten Dritter liegen ausserhalb unseres Verantwortungsbereichs Es wird jegliche Verantwortung f\u00fcr solche Webseiten abgelehnt.<br \/>Der Zugriff und die Nutzung solcher Webseiten erfolgen auf eigene Gefahr des Nutzers oder der Nutzerin.<\/p>\n<p><strong>GESTALTUNG UND\u00a0KONZEPTION<\/strong><br \/>Die grafische Konzeption wurde von Die Werbekanzlei AG im Auftrag von Displaysolutions durchgef\u00fchrt.<\/p>\n<p>URL\u00a0www.dwk.ch<\/p>\n<p>[\/et_pb_text][et_pb_code _builder_version=&#187;4.10.2&#8243; _module_preset=&#187;default&#187; global_colors_info=&#187;{}&#187;]<div class=\"htmlheld-impressum\">\n<p><img loading=\"lazy\" decoding=\"async\" src=\"https:\/\/htmlheld.de\/HTMLHELD_Logo.png\" alt=\"HTMLHELD Wordpress maintenance\" width=\"220\" height=\"22\"><\/p>\n<h2><a rel=\"noreferrer noopener\" href=\"https:\/\/htmlheld.de\/\" target=\"_blank\">HTMLHELD \u2013 WordPress maintenance and support<\/a><\/h2>\n<p>This website is maintained by HTMLHELD. Secure plugin and theme updates, cloud backups, content customization, and emergency service.<\/p>\n<\/div>[\/et_pb_code][\/et_pb_column][\/et_pb_row][\/et_pb_section]<\/p>\n","protected":false},"excerpt":{"rendered":"<p>IMPRESSUMKONTAKTADRESSE Displaysolutions AG Durisolstrasse 10 5612 Villmergen HAFTUNGSAUSSCHLUSS Der Autor \u00fcbernimmt keinerlei Gew\u00e4hr hinsichtlich der inhaltlichen Richtigkeit, Genauigkeit, Aktualit\u00e4t, Zuverl\u00e4ssigkeit und Vollst\u00e4ndigkeit der Informationen. Haftungsanspr\u00fcche gegen den Autor wegen Sch\u00e4den materieller oder immaterieller Art, welche aus dem Zugriff oder der Nutzung bzw. Nichtnutzung der ver\u00f6ffentlichten Informationen, durch Missbrauch der Verbindung oder durch technische St\u00f6rungen entstanden [&hellip;]<\/p>\n","protected":false},"author":6,"featured_media":0,"parent":0,"menu_order":0,"comment_status":"closed","ping_status":"closed","template":"","meta":{"_et_pb_use_builder":"on","_et_pb_old_content":"<!-- wp:divi\/placeholder \/-->","_et_gb_content_width":"","footnotes":""},"class_list":["post-1324","page","type-page","status-publish","hentry"],"_links":{"self":[{"href":"https:\/\/displaysolutions.ch\/en\/wp-json\/wp\/v2\/pages\/1324","targetHints":{"allow":["GET"]}}],"collection":[{"href":"https:\/\/displaysolutions.ch\/en\/wp-json\/wp\/v2\/pages"}],"about":[{"href":"https:\/\/displaysolutions.ch\/en\/wp-json\/wp\/v2\/types\/page"}],"author":[{"embeddable":true,"href":"https:\/\/displaysolutions.ch\/en\/wp-json\/wp\/v2\/users\/6"}],"replies":[{"embeddable":true,"href":"https:\/\/displaysolutions.ch\/en\/wp-json\/wp\/v2\/comments?post=1324"}],"version-history":[{"count":16,"href":"https:\/\/displaysolutions.ch\/en\/wp-json\/wp\/v2\/pages\/1324\/revisions"}],"predecessor-version":[{"id":2373,"href":"https:\/\/displaysolutions.ch\/en\/wp-json\/wp\/v2\/pages\/1324\/revisions\/2373"}],"wp:attachment":[{"href":"https:\/\/displaysolutions.ch\/en\/wp-json\/wp\/v2\/media?parent=1324"}],"curies":[{"name":"wp","href":"https:\/\/api.w.org\/{rel}","templated":true}]}}